{"id":9,"date":"2025-06-03T21:37:45","date_gmt":"2025-06-03T19:37:45","guid":{"rendered":"https:\/\/clubfrederic.fr\/index.php\/home\/"},"modified":"2025-06-12T18:52:37","modified_gmt":"2025-06-12T16:52:37","slug":"home","status":"publish","type":"page","link":"https:\/\/clubfrederic.fr\/","title":{"rendered":"Accueil"},"content":{"rendered":"","protected":false},"excerpt":{"rendered":"","protected":false},"author":1,"featured_media":0,"parent":0,"menu_order":0,"comment_status":"closed","ping_status":"closed","template":"templates\/template-frontpage.php","meta":{"footnotes":""},"class_list":["post-9","page","type-page","status-publish","hentry"],"yoast_head":"<!-- This site is optimized with the Yoast SEO plugin v27.3 - https:\/\/yoast.com\/product\/yoast-seo-wordpress\/ -->\n<title>Accueil - clubfrederic Club Fr\u00e9d\u00e9ric Brindas<\/title>\n<meta name=\"description\" content=\"D\u00e9couvrez Club Fr\u00e9d\u00e9ric, votre partenaire expert en cr\u00e9ation de sites web sur mesure, en optimisation SEO et en webdesign r\u00e9actif. Nous offrons des solutions num\u00e9riques esth\u00e9tiques et fonctionnelles, adapt\u00e9es \u00e0 vos besoins sp\u00e9cifiques pour booster votre pr\u00e9sence en ligne. Obtenez un devis gratuit d\u00e8s aujourd&#039;hui.\" \/>\n<meta name=\"robots\" content=\"index, follow, max-snippet:-1, max-image-preview:large, max-video-preview:-1\" \/>\n<link rel=\"canonical\" href=\"http:\/\/clubfrederic.fr\/\" \/>\n<meta property=\"og:locale\" content=\"en_US\" \/>\n<meta property=\"og:type\" content=\"article\" \/>\n<meta property=\"og:title\" content=\"Accueil - clubfrederic Club Fr\u00e9d\u00e9ric Brindas\" \/>\n<meta property=\"og:description\" content=\"D\u00e9couvrez Club Fr\u00e9d\u00e9ric, votre partenaire expert en cr\u00e9ation de sites web sur mesure, en optimisation SEO et en webdesign r\u00e9actif. Nous offrons des solutions num\u00e9riques esth\u00e9tiques et fonctionnelles, adapt\u00e9es \u00e0 vos besoins sp\u00e9cifiques pour booster votre pr\u00e9sence en ligne. Obtenez un devis gratuit d\u00e8s aujourd&#039;hui.\" \/>\n<meta property=\"og:url\" content=\"http:\/\/clubfrederic.fr\/\" \/>\n<meta property=\"og:site_name\" content=\"clubfrederic Club Fr\u00e9d\u00e9ric Brindas\" \/>\n<meta property=\"article:modified_time\" content=\"2025-06-12T16:52:37+00:00\" \/>\n<meta name=\"twitter:card\" content=\"summary_large_image\" \/>\n<script type=\"application\/ld+json\" class=\"yoast-schema-graph\">{\"@context\":\"https:\\\/\\\/schema.org\",\"@graph\":[{\"@type\":\"WebPage\",\"@id\":\"http:\\\/\\\/clubfrederic.fr\\\/\",\"url\":\"http:\\\/\\\/clubfrederic.fr\\\/\",\"name\":\"Accueil - clubfrederic Club Fr\u00e9d\u00e9ric Brindas\",\"isPartOf\":{\"@id\":\"http:\\\/\\\/clubfrederic.fr\\\/#website\"},\"datePublished\":\"2025-06-03T19:37:45+00:00\",\"dateModified\":\"2025-06-12T16:52:37+00:00\",\"description\":\"D\u00e9couvrez Club Fr\u00e9d\u00e9ric, votre partenaire expert en cr\u00e9ation de sites web sur mesure, en optimisation SEO et en webdesign r\u00e9actif. Nous offrons des solutions num\u00e9riques esth\u00e9tiques et fonctionnelles, adapt\u00e9es \u00e0 vos besoins sp\u00e9cifiques pour booster votre pr\u00e9sence en ligne. Obtenez un devis gratuit d\u00e8s aujourd'hui.\",\"breadcrumb\":{\"@id\":\"http:\\\/\\\/clubfrederic.fr\\\/#breadcrumb\"},\"inLanguage\":\"en-US\",\"potentialAction\":[{\"@type\":\"ReadAction\",\"target\":[\"http:\\\/\\\/clubfrederic.fr\\\/\"]}]},{\"@type\":\"BreadcrumbList\",\"@id\":\"http:\\\/\\\/clubfrederic.fr\\\/#breadcrumb\",\"itemListElement\":[{\"@type\":\"ListItem\",\"position\":1,\"name\":\"Accueil\",\"item\":\"http:\\\/\\\/clubfrederic.fr\\\/\"},{\"@type\":\"ListItem\",\"position\":2,\"name\":\"Accueil\"}]},{\"@type\":\"WebSite\",\"@id\":\"http:\\\/\\\/clubfrederic.fr\\\/#website\",\"url\":\"http:\\\/\\\/clubfrederic.fr\\\/\",\"name\":\"clubfrederic Club Fr\u00e9d\u00e9ric Brindas\",\"description\":\"\",\"publisher\":{\"@id\":\"http:\\\/\\\/clubfrederic.fr\\\/#organization\"},\"potentialAction\":[{\"@type\":\"SearchAction\",\"target\":{\"@type\":\"EntryPoint\",\"urlTemplate\":\"http:\\\/\\\/clubfrederic.fr\\\/?s={search_term_string}\"},\"query-input\":{\"@type\":\"PropertyValueSpecification\",\"valueRequired\":true,\"valueName\":\"search_term_string\"}}],\"inLanguage\":\"en-US\"},{\"@type\":\"Organization\",\"@id\":\"http:\\\/\\\/clubfrederic.fr\\\/#organization\",\"name\":\"clubfrederic Club Fr\u00e9d\u00e9ric Brindas\",\"url\":\"http:\\\/\\\/clubfrederic.fr\\\/\",\"logo\":{\"@type\":\"ImageObject\",\"inLanguage\":\"en-US\",\"@id\":\"http:\\\/\\\/clubfrederic.fr\\\/#\\\/schema\\\/logo\\\/image\\\/\",\"url\":\"https:\\\/\\\/clubfrederic.fr\\\/wp-content\\\/uploads\\\/2025\\\/06\\\/cflogo-2.png\",\"contentUrl\":\"https:\\\/\\\/clubfrederic.fr\\\/wp-content\\\/uploads\\\/2025\\\/06\\\/cflogo-2.png\",\"width\":860,\"height\":238,\"caption\":\"clubfrederic Club Fr\u00e9d\u00e9ric Brindas\"},\"image\":{\"@id\":\"http:\\\/\\\/clubfrederic.fr\\\/#\\\/schema\\\/logo\\\/image\\\/\"}}]}<\/script>\n<!-- \/ Yoast SEO plugin. -->","yoast_head_json":{"title":"Accueil - clubfrederic Club Fr\u00e9d\u00e9ric Brindas","description":"D\u00e9couvrez Club Fr\u00e9d\u00e9ric, votre partenaire expert en cr\u00e9ation de sites web sur mesure, en optimisation SEO et en webdesign r\u00e9actif. Nous offrons des solutions num\u00e9riques esth\u00e9tiques et fonctionnelles, adapt\u00e9es \u00e0 vos besoins sp\u00e9cifiques pour booster votre pr\u00e9sence en ligne. Obtenez un devis gratuit d\u00e8s aujourd'hui.","robots":{"index":"index","follow":"follow","max-snippet":"max-snippet:-1","max-image-preview":"max-image-preview:large","max-video-preview":"max-video-preview:-1"},"canonical":"http:\/\/clubfrederic.fr\/","og_locale":"en_US","og_type":"article","og_title":"Accueil - clubfrederic Club Fr\u00e9d\u00e9ric Brindas","og_description":"D\u00e9couvrez Club Fr\u00e9d\u00e9ric, votre partenaire expert en cr\u00e9ation de sites web sur mesure, en optimisation SEO et en webdesign r\u00e9actif. Nous offrons des solutions num\u00e9riques esth\u00e9tiques et fonctionnelles, adapt\u00e9es \u00e0 vos besoins sp\u00e9cifiques pour booster votre pr\u00e9sence en ligne. Obtenez un devis gratuit d\u00e8s aujourd'hui.","og_url":"http:\/\/clubfrederic.fr\/","og_site_name":"clubfrederic Club Fr\u00e9d\u00e9ric Brindas","article_modified_time":"2025-06-12T16:52:37+00:00","twitter_card":"summary_large_image","schema":{"@context":"https:\/\/schema.org","@graph":[{"@type":"WebPage","@id":"http:\/\/clubfrederic.fr\/","url":"http:\/\/clubfrederic.fr\/","name":"Accueil - clubfrederic Club Fr\u00e9d\u00e9ric Brindas","isPartOf":{"@id":"http:\/\/clubfrederic.fr\/#website"},"datePublished":"2025-06-03T19:37:45+00:00","dateModified":"2025-06-12T16:52:37+00:00","description":"D\u00e9couvrez Club Fr\u00e9d\u00e9ric, votre partenaire expert en cr\u00e9ation de sites web sur mesure, en optimisation SEO et en webdesign r\u00e9actif. Nous offrons des solutions num\u00e9riques esth\u00e9tiques et fonctionnelles, adapt\u00e9es \u00e0 vos besoins sp\u00e9cifiques pour booster votre pr\u00e9sence en ligne. Obtenez un devis gratuit d\u00e8s aujourd'hui.","breadcrumb":{"@id":"http:\/\/clubfrederic.fr\/#breadcrumb"},"inLanguage":"en-US","potentialAction":[{"@type":"ReadAction","target":["http:\/\/clubfrederic.fr\/"]}]},{"@type":"BreadcrumbList","@id":"http:\/\/clubfrederic.fr\/#breadcrumb","itemListElement":[{"@type":"ListItem","position":1,"name":"Accueil","item":"http:\/\/clubfrederic.fr\/"},{"@type":"ListItem","position":2,"name":"Accueil"}]},{"@type":"WebSite","@id":"http:\/\/clubfrederic.fr\/#website","url":"http:\/\/clubfrederic.fr\/","name":"clubfrederic Club Fr\u00e9d\u00e9ric Brindas","description":"","publisher":{"@id":"http:\/\/clubfrederic.fr\/#organization"},"potentialAction":[{"@type":"SearchAction","target":{"@type":"EntryPoint","urlTemplate":"http:\/\/clubfrederic.fr\/?s={search_term_string}"},"query-input":{"@type":"PropertyValueSpecification","valueRequired":true,"valueName":"search_term_string"}}],"inLanguage":"en-US"},{"@type":"Organization","@id":"http:\/\/clubfrederic.fr\/#organization","name":"clubfrederic Club Fr\u00e9d\u00e9ric Brindas","url":"http:\/\/clubfrederic.fr\/","logo":{"@type":"ImageObject","inLanguage":"en-US","@id":"http:\/\/clubfrederic.fr\/#\/schema\/logo\/image\/","url":"https:\/\/clubfrederic.fr\/wp-content\/uploads\/2025\/06\/cflogo-2.png","contentUrl":"https:\/\/clubfrederic.fr\/wp-content\/uploads\/2025\/06\/cflogo-2.png","width":860,"height":238,"caption":"clubfrederic Club Fr\u00e9d\u00e9ric Brindas"},"image":{"@id":"http:\/\/clubfrederic.fr\/#\/schema\/logo\/image\/"}}]}},"_links":{"self":[{"href":"https:\/\/clubfrederic.fr\/index.php\/wp-json\/wp\/v2\/pages\/9","targetHints":{"allow":["GET"]}}],"collection":[{"href":"https:\/\/clubfrederic.fr\/index.php\/wp-json\/wp\/v2\/pages"}],"about":[{"href":"https:\/\/clubfrederic.fr\/index.php\/wp-json\/wp\/v2\/types\/page"}],"author":[{"embeddable":true,"href":"https:\/\/clubfrederic.fr\/index.php\/wp-json\/wp\/v2\/users\/1"}],"replies":[{"embeddable":true,"href":"https:\/\/clubfrederic.fr\/index.php\/wp-json\/wp\/v2\/comments?post=9"}],"version-history":[{"count":2,"href":"https:\/\/clubfrederic.fr\/index.php\/wp-json\/wp\/v2\/pages\/9\/revisions"}],"predecessor-version":[{"id":93,"href":"https:\/\/clubfrederic.fr\/index.php\/wp-json\/wp\/v2\/pages\/9\/revisions\/93"}],"wp:attachment":[{"href":"https:\/\/clubfrederic.fr\/index.php\/wp-json\/wp\/v2\/media?parent=9"}],"curies":[{"name":"wp","href":"https:\/\/api.w.org\/{rel}","templated":true}]}}