{"id":44,"date":"2025-06-04T15:15:32","date_gmt":"2025-06-04T13:15:32","guid":{"rendered":"https:\/\/clubfrederic.fr\/?page_id=44"},"modified":"2025-06-04T15:45:30","modified_gmt":"2025-06-04T13:45:30","slug":"nous-contacter","status":"publish","type":"page","link":"https:\/\/clubfrederic.fr\/index.php\/nous-contacter\/","title":{"rendered":"Nous contacter"},"content":{"rendered":"\n<p class=\"has-medium-font-size\"><strong>Contactez-nous d\u00e8s aujourd\u2019hui pour b\u00e9n\u00e9ficier d\u2019un <mark style=\"background-color:rgba(0, 0, 0, 0)\" class=\"has-inline-color has-vivid-purple-color\">devis gratuit<\/mark><\/strong><\/p>\n\n\n\n<p><\/p>\n\n\n\n<div class=\"wp-block-group has-medium-font-size\"><div class=\"wp-block-group__inner-container is-layout-constrained wp-block-group-is-layout-constrained\">\n<div class=\"wpcf7 no-js\" id=\"wpcf7-f42-o1\" lang=\"fr-FR\" dir=\"ltr\" data-wpcf7-id=\"42\">\n<div class=\"screen-reader-response\"><p role=\"status\" aria-live=\"polite\" aria-atomic=\"true\"><\/p> <ul><\/ul><\/div>\n<form action=\"\/index.php\/wp-json\/wp\/v2\/pages\/44#wpcf7-f42-o1\" method=\"post\" class=\"wpcf7-form init\" aria-label=\"Formulaire de contact\" novalidate=\"novalidate\" data-status=\"init\">\n<fieldset class=\"hidden-fields-container\"><input type=\"hidden\" name=\"_wpcf7\" value=\"42\" \/><input type=\"hidden\" name=\"_wpcf7_version\" value=\"6.1.5\" \/><input type=\"hidden\" name=\"_wpcf7_locale\" value=\"fr_FR\" \/><input type=\"hidden\" name=\"_wpcf7_unit_tag\" value=\"wpcf7-f42-o1\" \/><input type=\"hidden\" name=\"_wpcf7_container_post\" value=\"0\" \/><input type=\"hidden\" name=\"_wpcf7_posted_data_hash\" value=\"\" \/><input type=\"hidden\" name=\"_wpcf7_recaptcha_response\" value=\"\" \/>\n<\/fieldset>\n<p><label> Votre nom et pr\u00e9nom<br \/>\n<span class=\"wpcf7-form-control-wrap\" data-name=\"your-name\"><input size=\"40\" maxlength=\"400\" class=\"wpcf7-form-control wpcf7-text wpcf7-validates-as-required\" autocomplete=\"name\" aria-required=\"true\" aria-invalid=\"false\" value=\"\" type=\"text\" name=\"your-name\" \/><\/span> <\/label>\n<\/p>\n<p><label> Votre e-mail<br \/>\n<span class=\"wpcf7-form-control-wrap\" data-name=\"your-email\"><input size=\"40\" maxlength=\"400\" class=\"wpcf7-form-control wpcf7-email wpcf7-validates-as-required wpcf7-text wpcf7-validates-as-email\" autocomplete=\"email\" aria-required=\"true\" aria-invalid=\"false\" value=\"\" type=\"email\" name=\"your-email\" \/><\/span> <\/label>\n<\/p>\n<p><label> Objet<br \/>\n<span class=\"wpcf7-form-control-wrap\" data-name=\"your-subject\"><input size=\"40\" maxlength=\"400\" class=\"wpcf7-form-control wpcf7-text wpcf7-validates-as-required\" aria-required=\"true\" aria-invalid=\"false\" value=\"\" type=\"text\" name=\"your-subject\" \/><\/span> <\/label>\n<\/p>\n<p><label> Votre message<br \/>\n<span class=\"wpcf7-form-control-wrap\" data-name=\"your-message\"><textarea cols=\"40\" rows=\"10\" maxlength=\"2000\" class=\"wpcf7-form-control wpcf7-textarea wpcf7-validates-as-required\" aria-required=\"true\" aria-invalid=\"false\" name=\"your-message\"><\/textarea><\/span> <\/label>\n<\/p>\n<p><input class=\"wpcf7-form-control wpcf7-submit has-spinner\" type=\"submit\" value=\"Envoyer\" \/>\n<\/p><div class=\"wpcf7-response-output\" aria-hidden=\"true\"><\/div>\n<\/form>\n<\/div>\n\n<\/div><\/div>\n\n\n\n<p><\/p>\n","protected":false},"excerpt":{"rendered":"<p>Contactez-nous d\u00e8s aujourd\u2019hui pour b\u00e9n\u00e9ficier d\u2019un devis gratuit<\/p>\n","protected":false},"author":1,"featured_media":0,"parent":0,"menu_order":0,"comment_status":"closed","ping_status":"closed","template":"","meta":{"footnotes":""},"class_list":["post-44","page","type-page","status-publish","hentry"],"yoast_head":"<!-- This site is optimized with the Yoast SEO plugin v27.3 - https:\/\/yoast.com\/product\/yoast-seo-wordpress\/ -->\n<title>Nous contacter - clubfrederic Club Fr\u00e9d\u00e9ric Brindas<\/title>\n<meta name=\"robots\" content=\"index, follow, max-snippet:-1, max-image-preview:large, max-video-preview:-1\" \/>\n<link rel=\"canonical\" href=\"https:\/\/clubfrederic.fr\/index.php\/nous-contacter\/\" \/>\n<meta property=\"og:locale\" content=\"en_US\" \/>\n<meta property=\"og:type\" content=\"article\" \/>\n<meta property=\"og:title\" content=\"Nous contacter - clubfrederic Club Fr\u00e9d\u00e9ric Brindas\" \/>\n<meta property=\"og:description\" content=\"Contactez-nous d\u00e8s aujourd\u2019hui pour b\u00e9n\u00e9ficier d\u2019un devis gratuit\" \/>\n<meta property=\"og:url\" content=\"https:\/\/clubfrederic.fr\/index.php\/nous-contacter\/\" \/>\n<meta property=\"og:site_name\" content=\"clubfrederic Club Fr\u00e9d\u00e9ric Brindas\" \/>\n<meta property=\"article:modified_time\" content=\"2025-06-04T13:45:30+00:00\" \/>\n<meta name=\"twitter:card\" content=\"summary_large_image\" \/>\n<script type=\"application\/ld+json\" class=\"yoast-schema-graph\">{\"@context\":\"https:\\\/\\\/schema.org\",\"@graph\":[{\"@type\":\"WebPage\",\"@id\":\"https:\\\/\\\/clubfrederic.fr\\\/index.php\\\/nous-contacter\\\/\",\"url\":\"https:\\\/\\\/clubfrederic.fr\\\/index.php\\\/nous-contacter\\\/\",\"name\":\"Nous contacter - clubfrederic Club Fr\u00e9d\u00e9ric Brindas\",\"isPartOf\":{\"@id\":\"http:\\\/\\\/clubfrederic.fr\\\/#website\"},\"datePublished\":\"2025-06-04T13:15:32+00:00\",\"dateModified\":\"2025-06-04T13:45:30+00:00\",\"breadcrumb\":{\"@id\":\"https:\\\/\\\/clubfrederic.fr\\\/index.php\\\/nous-contacter\\\/#breadcrumb\"},\"inLanguage\":\"en-US\",\"potentialAction\":[{\"@type\":\"ReadAction\",\"target\":[\"https:\\\/\\\/clubfrederic.fr\\\/index.php\\\/nous-contacter\\\/\"]}]},{\"@type\":\"BreadcrumbList\",\"@id\":\"https:\\\/\\\/clubfrederic.fr\\\/index.php\\\/nous-contacter\\\/#breadcrumb\",\"itemListElement\":[{\"@type\":\"ListItem\",\"position\":1,\"name\":\"Accueil\",\"item\":\"http:\\\/\\\/clubfrederic.fr\\\/\"},{\"@type\":\"ListItem\",\"position\":2,\"name\":\"Nous contacter\"}]},{\"@type\":\"WebSite\",\"@id\":\"http:\\\/\\\/clubfrederic.fr\\\/#website\",\"url\":\"http:\\\/\\\/clubfrederic.fr\\\/\",\"name\":\"clubfrederic Club Fr\u00e9d\u00e9ric Brindas\",\"description\":\"\",\"publisher\":{\"@id\":\"http:\\\/\\\/clubfrederic.fr\\\/#organization\"},\"potentialAction\":[{\"@type\":\"SearchAction\",\"target\":{\"@type\":\"EntryPoint\",\"urlTemplate\":\"http:\\\/\\\/clubfrederic.fr\\\/?s={search_term_string}\"},\"query-input\":{\"@type\":\"PropertyValueSpecification\",\"valueRequired\":true,\"valueName\":\"search_term_string\"}}],\"inLanguage\":\"en-US\"},{\"@type\":\"Organization\",\"@id\":\"http:\\\/\\\/clubfrederic.fr\\\/#organization\",\"name\":\"clubfrederic Club Fr\u00e9d\u00e9ric Brindas\",\"url\":\"http:\\\/\\\/clubfrederic.fr\\\/\",\"logo\":{\"@type\":\"ImageObject\",\"inLanguage\":\"en-US\",\"@id\":\"http:\\\/\\\/clubfrederic.fr\\\/#\\\/schema\\\/logo\\\/image\\\/\",\"url\":\"https:\\\/\\\/clubfrederic.fr\\\/wp-content\\\/uploads\\\/2025\\\/06\\\/cflogo-2.png\",\"contentUrl\":\"https:\\\/\\\/clubfrederic.fr\\\/wp-content\\\/uploads\\\/2025\\\/06\\\/cflogo-2.png\",\"width\":860,\"height\":238,\"caption\":\"clubfrederic Club Fr\u00e9d\u00e9ric Brindas\"},\"image\":{\"@id\":\"http:\\\/\\\/clubfrederic.fr\\\/#\\\/schema\\\/logo\\\/image\\\/\"}}]}<\/script>\n<!-- \/ Yoast SEO plugin. -->","yoast_head_json":{"title":"Nous contacter - clubfrederic Club Fr\u00e9d\u00e9ric Brindas","robots":{"index":"index","follow":"follow","max-snippet":"max-snippet:-1","max-image-preview":"max-image-preview:large","max-video-preview":"max-video-preview:-1"},"canonical":"https:\/\/clubfrederic.fr\/index.php\/nous-contacter\/","og_locale":"en_US","og_type":"article","og_title":"Nous contacter - clubfrederic Club Fr\u00e9d\u00e9ric Brindas","og_description":"Contactez-nous d\u00e8s aujourd\u2019hui pour b\u00e9n\u00e9ficier d\u2019un devis gratuit","og_url":"https:\/\/clubfrederic.fr\/index.php\/nous-contacter\/","og_site_name":"clubfrederic Club Fr\u00e9d\u00e9ric Brindas","article_modified_time":"2025-06-04T13:45:30+00:00","twitter_card":"summary_large_image","schema":{"@context":"https:\/\/schema.org","@graph":[{"@type":"WebPage","@id":"https:\/\/clubfrederic.fr\/index.php\/nous-contacter\/","url":"https:\/\/clubfrederic.fr\/index.php\/nous-contacter\/","name":"Nous contacter - clubfrederic Club Fr\u00e9d\u00e9ric Brindas","isPartOf":{"@id":"http:\/\/clubfrederic.fr\/#website"},"datePublished":"2025-06-04T13:15:32+00:00","dateModified":"2025-06-04T13:45:30+00:00","breadcrumb":{"@id":"https:\/\/clubfrederic.fr\/index.php\/nous-contacter\/#breadcrumb"},"inLanguage":"en-US","potentialAction":[{"@type":"ReadAction","target":["https:\/\/clubfrederic.fr\/index.php\/nous-contacter\/"]}]},{"@type":"BreadcrumbList","@id":"https:\/\/clubfrederic.fr\/index.php\/nous-contacter\/#breadcrumb","itemListElement":[{"@type":"ListItem","position":1,"name":"Accueil","item":"http:\/\/clubfrederic.fr\/"},{"@type":"ListItem","position":2,"name":"Nous contacter"}]},{"@type":"WebSite","@id":"http:\/\/clubfrederic.fr\/#website","url":"http:\/\/clubfrederic.fr\/","name":"clubfrederic Club Fr\u00e9d\u00e9ric Brindas","description":"","publisher":{"@id":"http:\/\/clubfrederic.fr\/#organization"},"potentialAction":[{"@type":"SearchAction","target":{"@type":"EntryPoint","urlTemplate":"http:\/\/clubfrederic.fr\/?s={search_term_string}"},"query-input":{"@type":"PropertyValueSpecification","valueRequired":true,"valueName":"search_term_string"}}],"inLanguage":"en-US"},{"@type":"Organization","@id":"http:\/\/clubfrederic.fr\/#organization","name":"clubfrederic Club Fr\u00e9d\u00e9ric Brindas","url":"http:\/\/clubfrederic.fr\/","logo":{"@type":"ImageObject","inLanguage":"en-US","@id":"http:\/\/clubfrederic.fr\/#\/schema\/logo\/image\/","url":"https:\/\/clubfrederic.fr\/wp-content\/uploads\/2025\/06\/cflogo-2.png","contentUrl":"https:\/\/clubfrederic.fr\/wp-content\/uploads\/2025\/06\/cflogo-2.png","width":860,"height":238,"caption":"clubfrederic Club Fr\u00e9d\u00e9ric Brindas"},"image":{"@id":"http:\/\/clubfrederic.fr\/#\/schema\/logo\/image\/"}}]}},"_links":{"self":[{"href":"https:\/\/clubfrederic.fr\/index.php\/wp-json\/wp\/v2\/pages\/44","targetHints":{"allow":["GET"]}}],"collection":[{"href":"https:\/\/clubfrederic.fr\/index.php\/wp-json\/wp\/v2\/pages"}],"about":[{"href":"https:\/\/clubfrederic.fr\/index.php\/wp-json\/wp\/v2\/types\/page"}],"author":[{"embeddable":true,"href":"https:\/\/clubfrederic.fr\/index.php\/wp-json\/wp\/v2\/users\/1"}],"replies":[{"embeddable":true,"href":"https:\/\/clubfrederic.fr\/index.php\/wp-json\/wp\/v2\/comments?post=44"}],"version-history":[{"count":18,"href":"https:\/\/clubfrederic.fr\/index.php\/wp-json\/wp\/v2\/pages\/44\/revisions"}],"predecessor-version":[{"id":70,"href":"https:\/\/clubfrederic.fr\/index.php\/wp-json\/wp\/v2\/pages\/44\/revisions\/70"}],"wp:attachment":[{"href":"https:\/\/clubfrederic.fr\/index.php\/wp-json\/wp\/v2\/media?parent=44"}],"curies":[{"name":"wp","href":"https:\/\/api.w.org\/{rel}","templated":true}]}}