{"id":27,"date":"2025-06-04T00:18:37","date_gmt":"2025-06-03T22:18:37","guid":{"rendered":"https:\/\/clubfrederic.fr\/?page_id=27"},"modified":"2025-06-04T15:01:30","modified_gmt":"2025-06-04T13:01:30","slug":"notre-histoire","status":"publish","type":"page","link":"https:\/\/clubfrederic.fr\/index.php\/notre-histoire\/","title":{"rendered":"Notre Histoire"},"content":{"rendered":"\n<p>Le Club Fr\u00e9d\u00e9ric, une passion pour l&#8217;informatique sans \u00eatre \u00e9lectrique !<\/p>\n\n\n\n<p>Fond\u00e9 il y a 18 ans, le 23 janvier 2007, le Club Fr\u00e9d\u00e9ric a pris la d\u00e9cision strat\u00e9gique de fusionner le site Fredoceme avec les autres sites du Club Fr\u00e9d\u00e9ric. Cette consolidation a \u00e9t\u00e9 officiellement r\u00e9alis\u00e9e le 18 f\u00e9vrier 2017.<\/p>\n\n\n\n<p>Le Club Fr\u00e9d\u00e9ric repr\u00e9sente un ensemble de sites internet unifi\u00e9s sous une m\u00eame banni\u00e8re. Il est important de noter que nos activit\u00e9s ne g\u00e9n\u00e8rent aucun profit financier.<\/p>\n\n\n\n<p>Le Club Fr\u00e9d\u00e9ric n&#8217;est ni une association ni une entreprise \u00e0 but lucratif. Situ\u00e9 au c\u0153ur de Brindas, nous incarnons le charme et la d\u00e9licatesse de cette localit\u00e9.<\/p>\n","protected":false},"excerpt":{"rendered":"<p>Le Club Fr\u00e9d\u00e9ric, une passion pour l&#8217;informatique sans \u00eatre \u00e9lectrique ! Fond\u00e9 il y a 18 ans, le 23 janvier 2007, le Club Fr\u00e9d\u00e9ric a pris la d\u00e9cision strat\u00e9gique de fusionner le site Fredoceme avec les autres sites du Club Fr\u00e9d\u00e9ric. Cette consolidation a \u00e9t\u00e9 officiellement r\u00e9alis\u00e9e le 18 f\u00e9vrier 2017. Le Club Fr\u00e9d\u00e9ric repr\u00e9sente [&hellip;]<\/p>\n","protected":false},"author":1,"featured_media":0,"parent":0,"menu_order":0,"comment_status":"closed","ping_status":"closed","template":"","meta":{"footnotes":""},"class_list":["post-27","page","type-page","status-publish","hentry"],"yoast_head":"<!-- This site is optimized with the Yoast SEO plugin v27.3 - https:\/\/yoast.com\/product\/yoast-seo-wordpress\/ -->\n<title>Notre Histoire - clubfrederic Club Fr\u00e9d\u00e9ric Brindas<\/title>\n<meta name=\"robots\" content=\"index, follow, max-snippet:-1, max-image-preview:large, max-video-preview:-1\" \/>\n<link rel=\"canonical\" href=\"https:\/\/clubfrederic.fr\/index.php\/notre-histoire\/\" \/>\n<meta property=\"og:locale\" content=\"en_US\" \/>\n<meta property=\"og:type\" content=\"article\" \/>\n<meta property=\"og:title\" content=\"Notre Histoire - clubfrederic Club Fr\u00e9d\u00e9ric Brindas\" \/>\n<meta property=\"og:description\" content=\"Le Club Fr\u00e9d\u00e9ric, une passion pour l&#8217;informatique sans \u00eatre \u00e9lectrique ! Fond\u00e9 il y a 18 ans, le 23 janvier 2007, le Club Fr\u00e9d\u00e9ric a pris la d\u00e9cision strat\u00e9gique de fusionner le site Fredoceme avec les autres sites du Club Fr\u00e9d\u00e9ric. Cette consolidation a \u00e9t\u00e9 officiellement r\u00e9alis\u00e9e le 18 f\u00e9vrier 2017. Le Club Fr\u00e9d\u00e9ric repr\u00e9sente [&hellip;]\" \/>\n<meta property=\"og:url\" content=\"https:\/\/clubfrederic.fr\/index.php\/notre-histoire\/\" \/>\n<meta property=\"og:site_name\" content=\"clubfrederic Club Fr\u00e9d\u00e9ric Brindas\" \/>\n<meta property=\"article:modified_time\" content=\"2025-06-04T13:01:30+00:00\" \/>\n<meta name=\"twitter:card\" content=\"summary_large_image\" \/>\n<meta name=\"twitter:label1\" content=\"Est. reading time\" \/>\n\t<meta name=\"twitter:data1\" content=\"1 minute\" \/>\n<script type=\"application\/ld+json\" class=\"yoast-schema-graph\">{\"@context\":\"https:\\\/\\\/schema.org\",\"@graph\":[{\"@type\":\"WebPage\",\"@id\":\"https:\\\/\\\/clubfrederic.fr\\\/index.php\\\/notre-histoire\\\/\",\"url\":\"https:\\\/\\\/clubfrederic.fr\\\/index.php\\\/notre-histoire\\\/\",\"name\":\"Notre Histoire - clubfrederic Club Fr\u00e9d\u00e9ric Brindas\",\"isPartOf\":{\"@id\":\"http:\\\/\\\/clubfrederic.fr\\\/#website\"},\"datePublished\":\"2025-06-03T22:18:37+00:00\",\"dateModified\":\"2025-06-04T13:01:30+00:00\",\"breadcrumb\":{\"@id\":\"https:\\\/\\\/clubfrederic.fr\\\/index.php\\\/notre-histoire\\\/#breadcrumb\"},\"inLanguage\":\"en-US\",\"potentialAction\":[{\"@type\":\"ReadAction\",\"target\":[\"https:\\\/\\\/clubfrederic.fr\\\/index.php\\\/notre-histoire\\\/\"]}]},{\"@type\":\"BreadcrumbList\",\"@id\":\"https:\\\/\\\/clubfrederic.fr\\\/index.php\\\/notre-histoire\\\/#breadcrumb\",\"itemListElement\":[{\"@type\":\"ListItem\",\"position\":1,\"name\":\"Accueil\",\"item\":\"http:\\\/\\\/clubfrederic.fr\\\/\"},{\"@type\":\"ListItem\",\"position\":2,\"name\":\"Notre Histoire\"}]},{\"@type\":\"WebSite\",\"@id\":\"http:\\\/\\\/clubfrederic.fr\\\/#website\",\"url\":\"http:\\\/\\\/clubfrederic.fr\\\/\",\"name\":\"clubfrederic Club Fr\u00e9d\u00e9ric Brindas\",\"description\":\"\",\"publisher\":{\"@id\":\"http:\\\/\\\/clubfrederic.fr\\\/#organization\"},\"potentialAction\":[{\"@type\":\"SearchAction\",\"target\":{\"@type\":\"EntryPoint\",\"urlTemplate\":\"http:\\\/\\\/clubfrederic.fr\\\/?s={search_term_string}\"},\"query-input\":{\"@type\":\"PropertyValueSpecification\",\"valueRequired\":true,\"valueName\":\"search_term_string\"}}],\"inLanguage\":\"en-US\"},{\"@type\":\"Organization\",\"@id\":\"http:\\\/\\\/clubfrederic.fr\\\/#organization\",\"name\":\"clubfrederic Club Fr\u00e9d\u00e9ric Brindas\",\"url\":\"http:\\\/\\\/clubfrederic.fr\\\/\",\"logo\":{\"@type\":\"ImageObject\",\"inLanguage\":\"en-US\",\"@id\":\"http:\\\/\\\/clubfrederic.fr\\\/#\\\/schema\\\/logo\\\/image\\\/\",\"url\":\"https:\\\/\\\/clubfrederic.fr\\\/wp-content\\\/uploads\\\/2025\\\/06\\\/cflogo-2.png\",\"contentUrl\":\"https:\\\/\\\/clubfrederic.fr\\\/wp-content\\\/uploads\\\/2025\\\/06\\\/cflogo-2.png\",\"width\":860,\"height\":238,\"caption\":\"clubfrederic Club Fr\u00e9d\u00e9ric Brindas\"},\"image\":{\"@id\":\"http:\\\/\\\/clubfrederic.fr\\\/#\\\/schema\\\/logo\\\/image\\\/\"}}]}<\/script>\n<!-- \/ Yoast SEO plugin. -->","yoast_head_json":{"title":"Notre Histoire - clubfrederic Club Fr\u00e9d\u00e9ric Brindas","robots":{"index":"index","follow":"follow","max-snippet":"max-snippet:-1","max-image-preview":"max-image-preview:large","max-video-preview":"max-video-preview:-1"},"canonical":"https:\/\/clubfrederic.fr\/index.php\/notre-histoire\/","og_locale":"en_US","og_type":"article","og_title":"Notre Histoire - clubfrederic Club Fr\u00e9d\u00e9ric Brindas","og_description":"Le Club Fr\u00e9d\u00e9ric, une passion pour l&#8217;informatique sans \u00eatre \u00e9lectrique ! Fond\u00e9 il y a 18 ans, le 23 janvier 2007, le Club Fr\u00e9d\u00e9ric a pris la d\u00e9cision strat\u00e9gique de fusionner le site Fredoceme avec les autres sites du Club Fr\u00e9d\u00e9ric. Cette consolidation a \u00e9t\u00e9 officiellement r\u00e9alis\u00e9e le 18 f\u00e9vrier 2017. Le Club Fr\u00e9d\u00e9ric repr\u00e9sente [&hellip;]","og_url":"https:\/\/clubfrederic.fr\/index.php\/notre-histoire\/","og_site_name":"clubfrederic Club Fr\u00e9d\u00e9ric Brindas","article_modified_time":"2025-06-04T13:01:30+00:00","twitter_card":"summary_large_image","twitter_misc":{"Est. reading time":"1 minute"},"schema":{"@context":"https:\/\/schema.org","@graph":[{"@type":"WebPage","@id":"https:\/\/clubfrederic.fr\/index.php\/notre-histoire\/","url":"https:\/\/clubfrederic.fr\/index.php\/notre-histoire\/","name":"Notre Histoire - clubfrederic Club Fr\u00e9d\u00e9ric Brindas","isPartOf":{"@id":"http:\/\/clubfrederic.fr\/#website"},"datePublished":"2025-06-03T22:18:37+00:00","dateModified":"2025-06-04T13:01:30+00:00","breadcrumb":{"@id":"https:\/\/clubfrederic.fr\/index.php\/notre-histoire\/#breadcrumb"},"inLanguage":"en-US","potentialAction":[{"@type":"ReadAction","target":["https:\/\/clubfrederic.fr\/index.php\/notre-histoire\/"]}]},{"@type":"BreadcrumbList","@id":"https:\/\/clubfrederic.fr\/index.php\/notre-histoire\/#breadcrumb","itemListElement":[{"@type":"ListItem","position":1,"name":"Accueil","item":"http:\/\/clubfrederic.fr\/"},{"@type":"ListItem","position":2,"name":"Notre Histoire"}]},{"@type":"WebSite","@id":"http:\/\/clubfrederic.fr\/#website","url":"http:\/\/clubfrederic.fr\/","name":"clubfrederic Club Fr\u00e9d\u00e9ric Brindas","description":"","publisher":{"@id":"http:\/\/clubfrederic.fr\/#organization"},"potentialAction":[{"@type":"SearchAction","target":{"@type":"EntryPoint","urlTemplate":"http:\/\/clubfrederic.fr\/?s={search_term_string}"},"query-input":{"@type":"PropertyValueSpecification","valueRequired":true,"valueName":"search_term_string"}}],"inLanguage":"en-US"},{"@type":"Organization","@id":"http:\/\/clubfrederic.fr\/#organization","name":"clubfrederic Club Fr\u00e9d\u00e9ric Brindas","url":"http:\/\/clubfrederic.fr\/","logo":{"@type":"ImageObject","inLanguage":"en-US","@id":"http:\/\/clubfrederic.fr\/#\/schema\/logo\/image\/","url":"https:\/\/clubfrederic.fr\/wp-content\/uploads\/2025\/06\/cflogo-2.png","contentUrl":"https:\/\/clubfrederic.fr\/wp-content\/uploads\/2025\/06\/cflogo-2.png","width":860,"height":238,"caption":"clubfrederic Club Fr\u00e9d\u00e9ric Brindas"},"image":{"@id":"http:\/\/clubfrederic.fr\/#\/schema\/logo\/image\/"}}]}},"_links":{"self":[{"href":"https:\/\/clubfrederic.fr\/index.php\/wp-json\/wp\/v2\/pages\/27","targetHints":{"allow":["GET"]}}],"collection":[{"href":"https:\/\/clubfrederic.fr\/index.php\/wp-json\/wp\/v2\/pages"}],"about":[{"href":"https:\/\/clubfrederic.fr\/index.php\/wp-json\/wp\/v2\/types\/page"}],"author":[{"embeddable":true,"href":"https:\/\/clubfrederic.fr\/index.php\/wp-json\/wp\/v2\/users\/1"}],"replies":[{"embeddable":true,"href":"https:\/\/clubfrederic.fr\/index.php\/wp-json\/wp\/v2\/comments?post=27"}],"version-history":[{"count":2,"href":"https:\/\/clubfrederic.fr\/index.php\/wp-json\/wp\/v2\/pages\/27\/revisions"}],"predecessor-version":[{"id":37,"href":"https:\/\/clubfrederic.fr\/index.php\/wp-json\/wp\/v2\/pages\/27\/revisions\/37"}],"wp:attachment":[{"href":"https:\/\/clubfrederic.fr\/index.php\/wp-json\/wp\/v2\/media?parent=27"}],"curies":[{"name":"wp","href":"https:\/\/api.w.org\/{rel}","templated":true}]}}